{"id":219,"date":"2023-05-19T07:13:10","date_gmt":"2023-05-19T07:13:10","guid":{"rendered":"https:\/\/jesuitgeneral.org\/pedro-arrupe\/"},"modified":"2024-04-12T08:39:58","modified_gmt":"2024-04-12T08:39:58","slug":"pedro-arrupe","status":"publish","type":"page","link":"https:\/\/jesuitgeneral.org\/fr\/pedro-arrupe\/","title":{"rendered":"Pedro Arrupe"},"content":{"rendered":"\n<section class=\"intro black invert p-top--medium p-bottom--medium\"><div class=\"container\">\n<div class=\"row\">\n<div class=\"col-12 col-l-8\">\n<p class=\"text text--display\">\u00abQuisiera conocerte como eres: tu imagen sobre m\u00ed bastar\u00e1 para cambiarme\u00bb<\/p>\n\n\n\n<figure class=\"wp-block-image size-full intro__signature\"><img loading=\"lazy\" decoding=\"async\" width=\"500\" height=\"159\" src=\"https:\/\/jesuitgeneral.org\/wp-content\/uploads\/2023\/05\/arrupe-signature.png\" alt=\"La signature du P&#xE8;re Pedro Arrupe SJ, 28&#xE8;me Sup&#xE9;rieur G&#xE9;n&#xE9;ral de la Compagnie de J&#xE9;sus (les J&#xE9;suites)\" class=\"wp-image-47\"\/><\/figure>\n<\/div>\n\n\n\n<div class=\"col-12 col-l-4\">\n<figure class=\"wp-block-image size-full intro__image\"><img loading=\"lazy\" decoding=\"async\" width=\"400\" height=\"580\" src=\"https:\/\/jesuitgeneral.org\/wp-content\/uploads\/2023\/05\/arrupe-prayer-1.jpg\" alt=\"Le P&#xE8;re Pedro Arrupe SJ, 28&#xE8;me Sup&#xE9;rieur G&#xE9;n&#xE9;ral de la Compagnie de J&#xE9;sus (les J&#xE9;suites) en pri&#xE8;re &#xE0; la Curie G&#xE9;n&#xE9;rale des J&#xE9;suites &#xE0; Rome.\" class=\"wp-image-52\" srcset=\"https:\/\/jesuitgeneral.org\/wp-content\/uploads\/2023\/05\/arrupe-prayer-1.jpg 400w, https:\/\/jesuitgeneral.org\/wp-content\/uploads\/2023\/05\/arrupe-prayer-1-207x300.jpg 207w\" sizes=\"auto, (max-width: 400px) 100vw, 400px\" \/><\/figure>\n<\/div>\n<\/div>\n<\/div><\/section>\n\n<section class=\"p-top--large p-bottom--large\"><div class=\"container\">\n<div class=\"row row--center\">\n<div class=\"col-12 col-s-6 col-l-7 styled-content\">\n<h2 class=\"wp-block-heading\">Jeunes ann\u00e9es et vocation<\/h2>\n\n\n\n<p>Pedro Arrupe na\u00eet \u00e0 Bilbao (Espagne) le 14 novembre 1907. Apr\u00e8s avoir \u00e9t\u00e9 \u00e9l\u00e8ve des Piaristes et obtenu son baccalaur\u00e9at, il commence des \u00e9tudes de m\u00e9decine.<\/p>\n\n\n\n<p>Lors de ses quatre ann\u00e9es d\u2019\u00e9tudes \u00e0 Madrid, durant lesquelles il obtient d\u2019excellents r\u00e9sultats, il se familiarise avec les quartiers pauvres de la ville et rencontre sur le terrain des situations de mis\u00e8re et de grande pauvret\u00e9.<\/p>\n\n\n\n<p>Sa formation et sa sensibilit\u00e9 religieuse le conduisent \u00e0 se poser de nombreuses questions, sur par exemple la maladie et sur les soins corporels et spirituels prodigu\u00e9s \u00e0 chacun. Apr\u00e8s une profonde exp\u00e9rience \u00e0 Lourdes (France), il comprend, en 1927, que la forme \u00e0 venir de son propre investissement sur ces questions suppose qu\u2019il abandonne ses projets ant\u00e9rieurs et qu\u2019il entre dans la Compagnie de J\u00e9sus.<\/p>\n<\/div>\n<\/div>\n<\/div><\/section>\n\n<section class=\"grey-2 p-top--large p-bottom--large\"><div class=\"container\">\n<div class=\"row\">\n<div class=\"col-12 col-m-7 styled-content\">\n<h2 class=\"wp-block-heading\">Un jeune j\u00e9suite au Japon<\/h2>\n\n\n\n<p>Son parcours de formation commence \u00e0 Loyola et il se poursuit en Espagne (peu avant l\u2019expulsion des j\u00e9suites), en Belgique, aux Pays-Bas et aux Etats-Unis. Il est ordonn\u00e9 pr\u00eatre en 1936.<\/p>\n\n\n\n<p>Apr\u00e8s en avoir fait plusieurs fois la demande, il est envoy\u00e9 au Japon en 1938. D\u00e8s son arriv\u00e9e, il se montre pr\u00eat \u00e0 s\u2019adapter \u00e0 la culture locale et \u00e0 y entrer. Mais sur le plan politique ce sont des ann\u00e9es difficiles. Du fait de son statut d\u2019\u00e9tranger en temps de guerre il sera m\u00eame accus\u00e9 d\u2019espionnage, ce qui lui vaudra plusieurs mois d\u2019emprisonnement. <\/p>\n\n\n\n<p>En 1945 \u00e0 Hiroshima, alors qu\u2019il \u00e9tait en charge de la formation des jeunes j\u00e9suites japonais, il est pris par l\u2019effroyable explosion de la bombe atomique. Il r\u00e9agit en accueillant de nombreux bless\u00e9s dans sa maison ; il les soigne et les accompagne.<\/p>\n<\/div>\n\n\n\n<div class=\"col-12 col-m-4\" style=\"margin-left:auto;\">\n<figure class=\"wp-block-image size-full\"><img loading=\"lazy\" decoding=\"async\" width=\"430\" height=\"600\" src=\"https:\/\/jesuitgeneral.org\/wp-content\/uploads\/2023\/05\/arrupe-first-mass.jpg\" alt=\"Le p&#xE8;re Pedro Arrupe SJ, 28e sup&#xE9;rieur g&#xE9;n&#xE9;ral de la Compagnie de J&#xE9;sus (les J&#xE9;suites), c&#xE9;l&#xE8;bre sa premi&#xE8;re messe en 1936 &#xE0; Valkenburg, aux Pays-Bas\" class=\"wp-image-58\"\/><\/figure>\n<\/div>\n<\/div>\n<\/div><\/section>\n\n<section class=\"secondary--lighten-4 p-top--large p-bottom--large\"><div class=\"container\">\n<div class=\"row row--center\">\n<div class=\"col-12 col-s-6 col-l-7 styled-content\">\n<h2 class=\"wp-block-heading\">Sup\u00e9rieur du Japon et Sup\u00e9rieur g\u00e9n\u00e9ral<\/h2>\n\n\n\n<p>Apr\u00e8s la II\u00b0 Guerre Mondiale, devenant en 1954 Sup\u00e9rieur des j\u00e9suites vivant au Japon, il voyage dans le monde entier pour inviter ses compagnons \u00e0 rejoindre cette mission; ils proviendront de jusqu\u2019\u00e0 trente pays diff\u00e9rents.<\/p>\n\n\n\n<p>Sa personnalit\u00e9 allie sympathie, attention directe \u00e0 autrui, humilit\u00e9 et \u00e9nergie. Elle attire. Arrupe est vite connu.<\/p>\n\n\n\n<p>En 1965, \u00e0 Rome, les j\u00e9suites l\u2019\u00e9lisent Sup\u00e9rieur G\u00e9n\u00e9ral. Ils reconnaissent \u00e9galement en lui un homme de Dieu capable de comprendre et affronter la situation difficile par laquelle commencent \u00e0 passer l\u2019Eglise et les soci\u00e9t\u00e9s.<\/p>\n<\/div>\n<\/div>\n<\/div><\/section>\n\n<section class=\"p-top--large p-bottom--large\"><div class=\"container\">\n<div class=\"row row--center\">\n<div class=\"col-12 col-s-6 col-l-7 styled-content\">\n<h2 class=\"wp-block-heading\">Un leader fort et compatissant<\/h2>\n\n\n\n<p>Profond\u00e9ment uni \u00e0 la personne de J\u00e9sus-Christ, Arrupe s\u2019engage de mani\u00e8re r\u00e9solue et enthousiaste sur un chemin qui le rapproche de l\u2019homme l\u00e0 o\u00f9 il se trouve, dans ses situations d\u2019incroyance, de pauvret\u00e9, de lutte pour la libert\u00e9 ou de recherche de Dieu.<\/p>\n\n\n\n<p>Il fait confiance \u00e0 ses collaborateurs, il encourage, il sugg\u00e8re \u00e0 l\u2019Eglise qui applique Vatican II des mani\u00e8res d\u2019avancer.<\/p>\n\n\n\n<p>En pionnier, il se risque sur des terrains jusqu\u2019alors inexplor\u00e9s, tels celui de la soci\u00e9t\u00e9 s\u00e9cularis\u00e9e et plurielle ou celui de l\u2019arriv\u00e9e des r\u00e9fugi\u00e9s. Il guide les anciens \u00e9l\u00e8ves de la Compagnie vers ces terrains et invite les intellectuels \u00e0 d\u00e9couvrir, par leurs \u00e9tudes, les raisons de l\u2019injustice et du manque de foi.<\/p>\n\n\n\n<p>Durant ces ann\u00e9es, un bon nombre de j\u00e9suites connaissent le martyre pour avoir adopt\u00e9 des comportements promus par Arrupe : servir sans distinction de race ou de classe sociale, vivre \u2013 jusqu\u2019au don de la vie &#8211; parmi ceux qui souffrent, d\u00e9fendre leurs droits jusqu\u2019au bout. En ami et guide attentif, il accompagne les uns et les autres sur leur route. En ami et guide attentif, il accompagne les uns et les autres sur leur route.<\/p>\n<\/div>\n<\/div>\n<\/div><\/section>\n\n<section class=\"black invert p-top--large p-bottom--large text--center\"><div class=\"container\"><div class=\"carousel carousel--equal-height gallery gallery--carousel\"><div class=\"carousel__slider\" data-flickity='{\"percentPosition\":\"false\",\"lazyLoad\":2,\"dragThreshold\":10}'>\n<figure class=\"wp-block-image carousel__slide size-full\"><img data-flickity-lazyload=\"https:\/\/jesuitgeneral.org\/wp-content\/uploads\/2023\/05\/arrupe-carousel-1.jpg\" alt=\"Le p&#xE8;re Pedro Arrupe SJ, 28e sup&#xE9;rieur g&#xE9;n&#xE9;ral de la Compagnie de J&#xE9;sus (les J&#xE9;suites) &#xE0; Hiroshima, au Japon, en 1945\" class=\"wp-image-43\"\/><\/figure>\n\n<figure class=\"wp-block-image carousel__slide size-full\"><img data-flickity-lazyload=\"https:\/\/jesuitgeneral.org\/wp-content\/uploads\/2023\/05\/arrupe-carousel-2.jpg\" alt=\"Le p&#xE8;re Pedro Arrupe SJ, 28e sup&#xE9;rieur g&#xE9;n&#xE9;ral de la Compagnie de J&#xE9;sus (les J&#xE9;suites) en pri&#xE8;re avec des jeunes en 1966\" class=\"wp-image-42\"\/><\/figure>\n\n<figure class=\"wp-block-image carousel__slide size-full\"><img data-flickity-lazyload=\"https:\/\/jesuitgeneral.org\/wp-content\/uploads\/2023\/05\/arrupe-carousel-3.jpg\" alt=\"Le p&#xE8;re Pedro Arrupe SJ, 28e sup&#xE9;rieur g&#xE9;n&#xE9;ral de la Compagnie de J&#xE9;sus (les J&#xE9;suites), &#xE0; Madras, en Inde\" class=\"wp-image-41\"\/><\/figure>\n\n<figure class=\"wp-block-image carousel__slide size-large\"><img data-flickity-lazyload=\"https:\/\/jesuitgeneral.org\/wp-content\/uploads\/2023\/05\/arrupe-carousel-4.jpg\" alt=\"Le p&#xE8;re Pedro Arrupe SJ, 28e sup&#xE9;rieur g&#xE9;n&#xE9;ral de la Compagnie de J&#xE9;sus (les J&#xE9;suites), &#xE0; Manille, aux Philippines. \" class=\"wp-image-40\"\/><\/figure>\n\n<figure class=\"wp-block-image carousel__slide size-large\"><img data-flickity-lazyload=\"https:\/\/jesuitgeneral.org\/wp-content\/uploads\/2023\/05\/arrupe-carousel-6.jpg\" alt=\"Le P&#xE8;re Pedro Arrupe SJ, 28&#xE8;me Sup&#xE9;rieur G&#xE9;n&#xE9;ral de la Compagnie de J&#xE9;sus (les J&#xE9;suites) lors de l'&#xE9;lection du P&#xE8;re Peter-Hans Kolvenbach SJ en 1983  \" class=\"wp-image-38\"\/><\/figure>\n\n<figure class=\"wp-block-image carousel__slide size-large\"><img data-flickity-lazyload=\"https:\/\/jesuitgeneral.org\/wp-content\/uploads\/2023\/05\/arrupe-carousel-5.jpg\" alt=\"Le P&#xE8;re Pedro Arrupe SJ, 28e sup&#xE9;rieur g&#xE9;n&#xE9;ral de la Compagnie de J&#xE9;sus, rencontre le pape Jean-Paul II apr&#xE8;s une attaque c&#xE9;r&#xE9;brale\" class=\"wp-image-39\"\/><\/figure>\n<\/div><\/div>\n\n\n<a href=\"https:\/\/jesuit.media\/?c=59&amp;k=384a1c829d\" class=\"special-link\">Voir plus d&rsquo;images<\/a>\n<\/div><\/section>\n\n<section class=\"p-top--large p-bottom--large\"><div class=\"container\">\n<div class=\"row row--center\">\n<div class=\"col-12 col-s-6 col-l-7 styled-content\">\n<h2 class=\"wp-block-heading\">Maladie et derni\u00e8res ann\u00e9es<\/h2>\n\n\n\n<p>En 1981, au retour d\u2019un voyage en Asie, une thrombose c\u00e9r\u00e9brale le terrasse.<\/p>\n\n\n\n<p>En 1983, apr\u00e8s un temps o\u00f9 le Pape Jean-Paul II est intervenu dans le gouvernement de la Compagnie, son successeur est \u00e9lu ; il s\u2019agit du <a href=\"https:\/\/jesuitgeneral.org\/fr\/peter-hans-kolvenbach\/\" data-type=\"page\" data-id=\"17\">P\u00e8re Kolvenbach<\/a>.<\/p>\n\n\n\n<p>Alors que sa maladie entra\u00eene la d\u00e9t\u00e9rioration de sa sant\u00e9, il fait l\u2019exp\u00e9rience d\u2019un toujours plus grand abandon \u00e0 Dieu. Jusqu\u2019\u00e0 sa mort, \u00e0 Rome, le 5 f\u00e9vrier 1991.<\/p>\n<\/div>\n<\/div>\n<\/div><\/section>\n\n<section class=\"primary--darken-3 invert p-top--huge p-bottom--huge\"><div class=\"container\">\n<div class=\"row\">\n<div class=\"col-12 col-l-7 col-xl-6\">\n<h2 class=\"wp-block-heading h1\">Archives digitales<\/h2>\n\n\n\n<p class=\"text text--lead\">Des images du p\u00e8re Arrupe, des discours, des pri\u00e8res et des t\u00e9moignages sont disponibles en ligne <\/p>\n\n\n\n<div class=\"wp-block-buttons is-layout-flex wp-block-buttons-is-layout-flex\">\n<div class=\"wp-block-button is-style-outline is-style-outline--1\"><a class=\"wp-block-button__link wp-element-button\" href=\"https:\/\/jesuit.media\/?c=59&amp;k=384a1c829d\" target=\"_blank\" rel=\"noreferrer noopener\">Visiter les archives<\/a><\/div>\n<\/div>\n<\/div>\n\n\n\n<div class=\"col-12 col-l-5 col-xl-6\">\n<figure class=\"wp-block-image size-full\"><a href=\"https:\/\/jesuit.media\/?c=59&amp;k=384a1c829d\"><img loading=\"lazy\" decoding=\"async\" width=\"500\" height=\"333\" src=\"https:\/\/jesuitgeneral.org\/wp-content\/uploads\/2024\/04\/arrupe-jesuit-media.jpg\" alt=\"Capture d'&#xE9;cran des archives d'images du P&#xE8;re Pedro Arrupe SJ, 28&#xE8;me Sup&#xE9;rieur G&#xE9;n&#xE9;ral de la Compagnie de J&#xE9;sus (les J&#xE9;suites), sur Jesuit.media\" class=\"wp-image-294\" srcset=\"https:\/\/jesuitgeneral.org\/wp-content\/uploads\/2024\/04\/arrupe-jesuit-media.jpg 500w, https:\/\/jesuitgeneral.org\/wp-content\/uploads\/2024\/04\/arrupe-jesuit-media-300x200.jpg 300w\" sizes=\"auto, (max-width: 500px) 100vw, 500px\" \/><\/a><\/figure>\n<\/div>\n<\/div>\n<\/div><\/section>\n","protected":false},"excerpt":{"rendered":"","protected":false},"author":1,"featured_media":0,"parent":0,"menu_order":0,"comment_status":"closed","ping_status":"closed","template":"","meta":{"footnotes":""},"class_list":["post-219","page","type-page","status-publish","hentry","no-thumbnail"],"yoast_head":"<!-- This site is optimized with the Yoast SEO plugin v27.4 - https:\/\/yoast.com\/product\/yoast-seo-wordpress\/ -->\n<title>Pedro Arrupe - Jesuit Generals<\/title>\n<meta name=\"description\" content=\"Biographie, images et documents de Pedro Arrupe (1907-1991), 28e sup\u00e9rieur g\u00e9n\u00e9ral de la Compagnie de J\u00e9sus (les J\u00e9suites)\" \/>\n<meta name=\"robots\" content=\"index, follow, max-snippet:-1, max-image-preview:large, max-video-preview:-1\" \/>\n<link rel=\"canonical\" href=\"https:\/\/jesuitgeneral.org\/fr\/pedro-arrupe\/\" \/>\n<meta property=\"og:locale\" content=\"fr_FR\" \/>\n<meta property=\"og:type\" content=\"article\" \/>\n<meta property=\"og:title\" content=\"Pedro Arrupe - Jesuit Generals\" \/>\n<meta property=\"og:description\" content=\"Biographie, images et documents de Pedro Arrupe (1907-1991), 28e sup\u00e9rieur g\u00e9n\u00e9ral de la Compagnie de J\u00e9sus (les J\u00e9suites)\" \/>\n<meta property=\"og:url\" content=\"https:\/\/jesuitgeneral.org\/fr\/pedro-arrupe\/\" \/>\n<meta property=\"og:site_name\" content=\"Jesuit Generals\" \/>\n<meta property=\"article:publisher\" content=\"https:\/\/www.facebook.com\/JesuitsGlobal\" \/>\n<meta property=\"article:modified_time\" content=\"2024-04-12T08:39:58+00:00\" \/>\n<meta property=\"og:image\" content=\"https:\/\/jesuitgeneral.org\/wp-content\/uploads\/2023\/05\/arrupe-signature.png\" \/>\n<meta name=\"twitter:card\" content=\"summary_large_image\" \/>\n<meta name=\"twitter:site\" content=\"@JesuitsGlobal\" \/>\n<meta name=\"twitter:label1\" content=\"Dur\u00e9e de lecture estim\u00e9e\" \/>\n\t<meta name=\"twitter:data1\" content=\"4 minutes\" \/>\n<script type=\"application\/ld+json\" class=\"yoast-schema-graph\">{\"@context\":\"https:\\\/\\\/schema.org\",\"@graph\":[{\"@type\":[\"WebPage\",\"ProfilePage\"],\"@id\":\"https:\\\/\\\/jesuitgeneral.org\\\/fr\\\/pedro-arrupe\\\/\",\"url\":\"https:\\\/\\\/jesuitgeneral.org\\\/fr\\\/pedro-arrupe\\\/\",\"name\":\"Pedro Arrupe - Jesuit Generals\",\"isPartOf\":{\"@id\":\"https:\\\/\\\/jesuitgeneral.org\\\/fr\\\/#website\"},\"primaryImageOfPage\":{\"@id\":\"https:\\\/\\\/jesuitgeneral.org\\\/fr\\\/pedro-arrupe\\\/#primaryimage\"},\"image\":{\"@id\":\"https:\\\/\\\/jesuitgeneral.org\\\/fr\\\/pedro-arrupe\\\/#primaryimage\"},\"thumbnailUrl\":\"https:\\\/\\\/jesuitgeneral.org\\\/wp-content\\\/uploads\\\/2023\\\/05\\\/arrupe-signature.png\",\"datePublished\":\"2023-05-19T07:13:10+00:00\",\"dateModified\":\"2024-04-12T08:39:58+00:00\",\"description\":\"Biographie, images et documents de Pedro Arrupe (1907-1991), 28e sup\u00e9rieur g\u00e9n\u00e9ral de la Compagnie de J\u00e9sus (les J\u00e9suites)\",\"breadcrumb\":{\"@id\":\"https:\\\/\\\/jesuitgeneral.org\\\/fr\\\/pedro-arrupe\\\/#breadcrumb\"},\"inLanguage\":\"fr-FR\",\"potentialAction\":[{\"@type\":\"ReadAction\",\"target\":[\"https:\\\/\\\/jesuitgeneral.org\\\/fr\\\/pedro-arrupe\\\/\"]}]},{\"@type\":\"ImageObject\",\"inLanguage\":\"fr-FR\",\"@id\":\"https:\\\/\\\/jesuitgeneral.org\\\/fr\\\/pedro-arrupe\\\/#primaryimage\",\"url\":\"https:\\\/\\\/jesuitgeneral.org\\\/wp-content\\\/uploads\\\/2023\\\/05\\\/arrupe-signature.png\",\"contentUrl\":\"https:\\\/\\\/jesuitgeneral.org\\\/wp-content\\\/uploads\\\/2023\\\/05\\\/arrupe-signature.png\"},{\"@type\":\"BreadcrumbList\",\"@id\":\"https:\\\/\\\/jesuitgeneral.org\\\/fr\\\/pedro-arrupe\\\/#breadcrumb\",\"itemListElement\":[{\"@type\":\"ListItem\",\"position\":1,\"name\":\"Home\",\"item\":\"https:\\\/\\\/jesuitgeneral.org\\\/fr\\\/\"},{\"@type\":\"ListItem\",\"position\":2,\"name\":\"Pedro Arrupe\"}]},{\"@type\":\"WebSite\",\"@id\":\"https:\\\/\\\/jesuitgeneral.org\\\/fr\\\/#website\",\"url\":\"https:\\\/\\\/jesuitgeneral.org\\\/fr\\\/\",\"name\":\"Jesuit Generals\",\"description\":\"Site web du m\u00e9morial des sup\u00e9rieurs g\u00e9n\u00e9raux j\u00e9suites\",\"publisher\":{\"@id\":\"https:\\\/\\\/jesuitgeneral.org\\\/fr\\\/#organization\"},\"potentialAction\":[{\"@type\":\"SearchAction\",\"target\":{\"@type\":\"EntryPoint\",\"urlTemplate\":\"https:\\\/\\\/jesuitgeneral.org\\\/fr\\\/?s={search_term_string}\"},\"query-input\":{\"@type\":\"PropertyValueSpecification\",\"valueRequired\":true,\"valueName\":\"search_term_string\"}}],\"inLanguage\":\"fr-FR\"},{\"@type\":\"Organization\",\"@id\":\"https:\\\/\\\/jesuitgeneral.org\\\/fr\\\/#organization\",\"name\":\"Compagnie de J\u00e9sus\",\"alternateName\":\"Jesuits\",\"url\":\"https:\\\/\\\/jesuitgeneral.org\\\/fr\\\/\",\"logo\":{\"@type\":\"ImageObject\",\"inLanguage\":\"fr-FR\",\"@id\":\"https:\\\/\\\/jesuitgeneral.org\\\/fr\\\/#\\\/schema\\\/logo\\\/image\\\/\",\"url\":\"https:\\\/\\\/jesuitgeneral.org\\\/wp-content\\\/uploads\\\/2023\\\/06\\\/logo-jesuits-global-500.png\",\"contentUrl\":\"https:\\\/\\\/jesuitgeneral.org\\\/wp-content\\\/uploads\\\/2023\\\/06\\\/logo-jesuits-global-500.png\",\"width\":500,\"height\":500,\"caption\":\"Compagnie de J\u00e9sus\"},\"image\":{\"@id\":\"https:\\\/\\\/jesuitgeneral.org\\\/fr\\\/#\\\/schema\\\/logo\\\/image\\\/\"},\"sameAs\":[\"https:\\\/\\\/www.facebook.com\\\/JesuitsGlobal\",\"https:\\\/\\\/x.com\\\/JesuitsGlobal\",\"https:\\\/\\\/www.instagram.com\\\/JesuitsGlobal\\\/\",\"https:\\\/\\\/www.youtube.com\\\/channel\\\/UCpqwciWoMlKhXL1Ge3L6vug\\\/videos\"],\"mainEntityOfPage\":{\"@id\":\"https:\\\/\\\/jesuitgeneral.org\\\/fr\\\/pedro-arrupe\\\/\"}}]}<\/script>\n<!-- \/ Yoast SEO plugin. -->","yoast_head_json":{"title":"Pedro Arrupe - Jesuit Generals","description":"Biographie, images et documents de Pedro Arrupe (1907-1991), 28e sup\u00e9rieur g\u00e9n\u00e9ral de la Compagnie de J\u00e9sus (les J\u00e9suites)","robots":{"index":"index","follow":"follow","max-snippet":"max-snippet:-1","max-image-preview":"max-image-preview:large","max-video-preview":"max-video-preview:-1"},"canonical":"https:\/\/jesuitgeneral.org\/fr\/pedro-arrupe\/","og_locale":"fr_FR","og_type":"article","og_title":"Pedro Arrupe - Jesuit Generals","og_description":"Biographie, images et documents de Pedro Arrupe (1907-1991), 28e sup\u00e9rieur g\u00e9n\u00e9ral de la Compagnie de J\u00e9sus (les J\u00e9suites)","og_url":"https:\/\/jesuitgeneral.org\/fr\/pedro-arrupe\/","og_site_name":"Jesuit Generals","article_publisher":"https:\/\/www.facebook.com\/JesuitsGlobal","article_modified_time":"2024-04-12T08:39:58+00:00","og_image":[{"url":"https:\/\/jesuitgeneral.org\/wp-content\/uploads\/2023\/05\/arrupe-signature.png","type":"","width":"","height":""}],"twitter_card":"summary_large_image","twitter_site":"@JesuitsGlobal","twitter_misc":{"Dur\u00e9e de lecture estim\u00e9e":"4 minutes"},"schema":{"@context":"https:\/\/schema.org","@graph":[{"@type":["WebPage","ProfilePage"],"@id":"https:\/\/jesuitgeneral.org\/fr\/pedro-arrupe\/","url":"https:\/\/jesuitgeneral.org\/fr\/pedro-arrupe\/","name":"Pedro Arrupe - Jesuit Generals","isPartOf":{"@id":"https:\/\/jesuitgeneral.org\/fr\/#website"},"primaryImageOfPage":{"@id":"https:\/\/jesuitgeneral.org\/fr\/pedro-arrupe\/#primaryimage"},"image":{"@id":"https:\/\/jesuitgeneral.org\/fr\/pedro-arrupe\/#primaryimage"},"thumbnailUrl":"https:\/\/jesuitgeneral.org\/wp-content\/uploads\/2023\/05\/arrupe-signature.png","datePublished":"2023-05-19T07:13:10+00:00","dateModified":"2024-04-12T08:39:58+00:00","description":"Biographie, images et documents de Pedro Arrupe (1907-1991), 28e sup\u00e9rieur g\u00e9n\u00e9ral de la Compagnie de J\u00e9sus (les J\u00e9suites)","breadcrumb":{"@id":"https:\/\/jesuitgeneral.org\/fr\/pedro-arrupe\/#breadcrumb"},"inLanguage":"fr-FR","potentialAction":[{"@type":"ReadAction","target":["https:\/\/jesuitgeneral.org\/fr\/pedro-arrupe\/"]}]},{"@type":"ImageObject","inLanguage":"fr-FR","@id":"https:\/\/jesuitgeneral.org\/fr\/pedro-arrupe\/#primaryimage","url":"https:\/\/jesuitgeneral.org\/wp-content\/uploads\/2023\/05\/arrupe-signature.png","contentUrl":"https:\/\/jesuitgeneral.org\/wp-content\/uploads\/2023\/05\/arrupe-signature.png"},{"@type":"BreadcrumbList","@id":"https:\/\/jesuitgeneral.org\/fr\/pedro-arrupe\/#breadcrumb","itemListElement":[{"@type":"ListItem","position":1,"name":"Home","item":"https:\/\/jesuitgeneral.org\/fr\/"},{"@type":"ListItem","position":2,"name":"Pedro Arrupe"}]},{"@type":"WebSite","@id":"https:\/\/jesuitgeneral.org\/fr\/#website","url":"https:\/\/jesuitgeneral.org\/fr\/","name":"Jesuit Generals","description":"Site web du m\u00e9morial des sup\u00e9rieurs g\u00e9n\u00e9raux j\u00e9suites","publisher":{"@id":"https:\/\/jesuitgeneral.org\/fr\/#organization"},"potentialAction":[{"@type":"SearchAction","target":{"@type":"EntryPoint","urlTemplate":"https:\/\/jesuitgeneral.org\/fr\/?s={search_term_string}"},"query-input":{"@type":"PropertyValueSpecification","valueRequired":true,"valueName":"search_term_string"}}],"inLanguage":"fr-FR"},{"@type":"Organization","@id":"https:\/\/jesuitgeneral.org\/fr\/#organization","name":"Compagnie de J\u00e9sus","alternateName":"Jesuits","url":"https:\/\/jesuitgeneral.org\/fr\/","logo":{"@type":"ImageObject","inLanguage":"fr-FR","@id":"https:\/\/jesuitgeneral.org\/fr\/#\/schema\/logo\/image\/","url":"https:\/\/jesuitgeneral.org\/wp-content\/uploads\/2023\/06\/logo-jesuits-global-500.png","contentUrl":"https:\/\/jesuitgeneral.org\/wp-content\/uploads\/2023\/06\/logo-jesuits-global-500.png","width":500,"height":500,"caption":"Compagnie de J\u00e9sus"},"image":{"@id":"https:\/\/jesuitgeneral.org\/fr\/#\/schema\/logo\/image\/"},"sameAs":["https:\/\/www.facebook.com\/JesuitsGlobal","https:\/\/x.com\/JesuitsGlobal","https:\/\/www.instagram.com\/JesuitsGlobal\/","https:\/\/www.youtube.com\/channel\/UCpqwciWoMlKhXL1Ge3L6vug\/videos"],"mainEntityOfPage":{"@id":"https:\/\/jesuitgeneral.org\/fr\/pedro-arrupe\/"}}]}},"_links":{"self":[{"href":"https:\/\/jesuitgeneral.org\/fr\/wp-json\/wp\/v2\/pages\/219","targetHints":{"allow":["GET"]}}],"collection":[{"href":"https:\/\/jesuitgeneral.org\/fr\/wp-json\/wp\/v2\/pages"}],"about":[{"href":"https:\/\/jesuitgeneral.org\/fr\/wp-json\/wp\/v2\/types\/page"}],"author":[{"embeddable":true,"href":"https:\/\/jesuitgeneral.org\/fr\/wp-json\/wp\/v2\/users\/1"}],"replies":[{"embeddable":true,"href":"https:\/\/jesuitgeneral.org\/fr\/wp-json\/wp\/v2\/comments?post=219"}],"version-history":[{"count":12,"href":"https:\/\/jesuitgeneral.org\/fr\/wp-json\/wp\/v2\/pages\/219\/revisions"}],"predecessor-version":[{"id":332,"href":"https:\/\/jesuitgeneral.org\/fr\/wp-json\/wp\/v2\/pages\/219\/revisions\/332"}],"wp:attachment":[{"href":"https:\/\/jesuitgeneral.org\/fr\/wp-json\/wp\/v2\/media?parent=219"}],"curies":[{"name":"wp","href":"https:\/\/api.w.org\/{rel}","templated":true}]}}